{"id":10,"date":"2016-03-24T08:21:14","date_gmt":"2016-03-24T08:21:14","guid":{"rendered":"http:\/\/demo.cmssuperheroes.com\/themeforest\/wp-sigma-logistics\/?page_id=10"},"modified":"2025-11-11T10:03:12","modified_gmt":"2025-11-11T09:03:12","slug":"home","status":"publish","type":"page","link":"https:\/\/futurvision223.com\/","title":{"rendered":"Accueil"},"content":{"rendered":"<div class=\"wpb-content-wrapper\"><p>[vc_row full_width=&#8221;stretch_row_content_no_spaces&#8221;][vc_column][rev_slider_vc alias=&#8221;main-slider-1&#8243;][\/vc_column][\/vc_row][vc_row css=&#8221;.vc_custom_1459305996199{margin-top: -30px !important;background-color: rgba(255,255,255,0.01) !important;*background-color: rgb(255,255,255) !important;}&#8221;][vc_column][vc_row_inner][vc_column_inner width=&#8221;1\/3&#8243; offset=&#8221;vc_hidden-sm&#8221;][vc_empty_space height=&#8221;20px&#8221;][cms_fancybox_single content_align=&#8221;left&#8221; title_item=&#8221;ServiceConfection&#8221; button_text=&#8221;Voir plus&#8221; title_color=&#8221;#ffffff&#8221; content_color=&#8221;#FFFFFF&#8221; box_overlay=&#8221;#11303AB3&#8243; image=&#8221;3404&#8243; description_item=&#8221;Nous fabriquons des kakemonos, des plaques et des enseignes lumineuses personnalis\u00e9es&#8221; cms_template=&#8221;cms_fancybox_single&#8211;layout10.php&#8221; fancybox_title_size=&#8221;30px&#8221; fancybox_title_letter_spacing=&#8221;0.1em&#8221;][vc_empty_space height=&#8221;40px&#8221;][\/vc_column_inner][vc_column_inner width=&#8221;1\/3&#8243; offset=&#8221;vc_hidden-sm&#8221;][vc_empty_space height=&#8221;20px&#8221;][cms_fancybox_single content_align=&#8221;left&#8221; title_item=&#8221;ServiceImpression grand Format&#8221; button_text=&#8221;Voir plus&#8221; title_color=&#8221;#ffffff&#8221; content_color=&#8221;#ffffff&#8221; box_overlay=&#8221;#11303AB3&#8243; image=&#8221;3399&#8243; description_item=&#8221;Nous r\u00e9alisons des impressions de haute qualit\u00e9 sur b\u00e2ches et vinyles, id\u00e9ales pour la signal\u00e9tique, la publicit\u00e9&#8221; cms_template=&#8221;cms_fancybox_single&#8211;layout10.php&#8221; fancybox_title_size=&#8221;30px&#8221; fancybox_title_letter_spacing=&#8221;0.1em&#8221;][vc_empty_space height=&#8221;40px&#8221;][\/vc_column_inner][vc_column_inner width=&#8221;1\/3&#8243; offset=&#8221;vc_hidden-sm&#8221;][vc_empty_space height=&#8221;20px&#8221;][cms_fancybox_single content_align=&#8221;left&#8221; title_item=&#8221;ServiceMarketing Digital&#8221; button_text=&#8221;Voir plus&#8221; title_color=&#8221;#ffffff&#8221; content_color=&#8221;#ffffff&#8221; box_overlay=&#8221;#11303AB3&#8243; image=&#8221;3401&#8243; description_item=&#8221;Nous proposons des solutions compl\u00e8tes pour la cr\u00e9ation et la gestion de m\u00e9dias sociaux.&#8221; cms_template=&#8221;cms_fancybox_single&#8211;layout10.php&#8221; fancybox_title_size=&#8221;30px&#8221; fancybox_title_letter_spacing=&#8221;0.1em&#8221;][vc_empty_space height=&#8221;40px&#8221;][\/vc_column_inner][\/vc_row_inner][\/vc_column][\/vc_row][vc_row full_width=&#8221;stretch_row&#8221; css=&#8221;.vc_custom_1459326572089{padding-bottom: 30px !important;background-color: #fafafa !important;}&#8221;][vc_column][vc_custom_heading text=&#8221;A propos de nous&#8221; font_container=&#8221;tag:h2|font_size:28px|text_align:left|line_height:24px&#8221; use_theme_fonts=&#8221;yes&#8221; css=&#8221;.vc_custom_1762514827015{margin-top: 85px !important;margin-bottom: 25px !important;}&#8221; letter_spacing=&#8221;0.1em&#8221;][vc_row_inner css=&#8221;.vc_custom_1459311086601{padding-bottom: 75px !important;}&#8221;][vc_column_inner width=&#8221;1\/2&#8243; animation=&#8221;rda_fadeInLeft&#8221;][vc_custom_heading text=&#8221;Futur Vision 223 est une entreprise malienne sp\u00e9cialis\u00e9e dans la communication et la valorisation d\u2019image de marque. Nous accompagnons les entreprises, institutions et particuliers dans la cr\u00e9ation d\u2019une identit\u00e9 forte, coh\u00e9rente et percutante.&#8221; font_container=&#8221;tag:h4|font_size:20px|text_align:left|color:%2303153c|line_height:26px&#8221; google_fonts=&#8221;font_family:Roboto%3A100%2C100italic%2C300%2C300italic%2Cregular%2Citalic%2C500%2C500italic%2C700%2C700italic%2C900%2C900italic|font_style:700%20bold%20regular%3A700%3Anormal&#8221; css=&#8221;.vc_custom_1762515607611{margin-bottom: 30px !important;}&#8221; letter_spacing=&#8221;0.07em&#8221;][vc_column_text css=&#8221;&#8221;]<\/p>\n<p style=\"font-weight: 400; letter-spacing: 0.015em; line-height: 24px; font-size: 16px; text-align: left;\">Notre mission est de donner vie \u00e0 vos id\u00e9es \u00e0 travers des solutions de communication innovantes, cr\u00e9atives et adapt\u00e9es \u00e0 vos objectifs. Gr\u00e2ce \u00e0 une \u00e9quipe passionn\u00e9e et polyvalente, nous mettons \u00e0 votre service notre expertise en <strong data-start=\"769\" data-end=\"875\">design graphique, impression grand format, production audiovisuelle, marketing digital et \u00e9v\u00e9nementiel<\/strong>.<\/p>\n<p>[\/vc_column_text][vc_btn title=&#8221;Voir Plus&#8221; css=&#8221;&#8221; link=&#8221;url:%23&#8243;][\/vc_column_inner][vc_column_inner width=&#8221;1\/2&#8243; animation=&#8221;rda_fadeInRight&#8221; offset=&#8221;vc_col-lg-offset-1 vc_col-lg-5&#8243;][vc_single_image image=&#8221;3408&#8243; img_size=&#8221;full&#8221; alignment=&#8221;center&#8221; css=&#8221;&#8221;][\/vc_column_inner][\/vc_row_inner][vc_empty_space height=&#8221;50px&#8221;][\/vc_column][\/vc_row][vc_row full_width=&#8221;stretch_row&#8221; row_box_shadow=&#8221;&#8221; css=&#8221;.vc_custom_1762850697441{padding-top: 65px !important;padding-bottom: 80px !important;background-color: #11303A !important;}&#8221;][vc_column width=&#8221;7\/12&#8243; animation=&#8221;rda_fadeInLeft&#8221; font_color=&#8221;#ffffff&#8221;][vc_custom_heading text=&#8221;FAITES UNE DEMANDE DE QUOTATION&#8221; font_container=&#8221;tag:h3|font_size:24px|text_align:left|color:%23ffffff|line_height:30px&#8221; use_theme_fonts=&#8221;yes&#8221; css=&#8221;.vc_custom_1762516765915{padding-top: 20px !important;}&#8221; letter_spacing=&#8221;0.1em&#8221;][\/vc_column][vc_column width=&#8221;5\/12&#8243; animation=&#8221;rda_fadeInRight&#8221; text_align=&#8221;right&#8221; css=&#8221;.vc_custom_1460025181984{margin-top: 20px !important;}&#8221;][cms_button button_text=&#8221;Devis&#8221; icon_fontawesome=&#8221;fas fa-file-invoice-dollar&#8221; button_style=&#8221;btn-3d&#8221; button_3d=&#8221;btn-3d-bottom&#8221; button_size=&#8221;btn-super&#8221; btn_border_radius=&#8221;15px&#8221; button_block=&#8221;yes&#8221; btn_color=&#8221;#11303A&#8221; btn_bg_color=&#8221;#FFB900&#8243; btn_border_color=&#8221;#FFB900&#8243;][\/vc_column][\/vc_row][vc_row full_width=&#8221;stretch_row&#8221; parallax=&#8221;content-moving&#8221; parallax_image=&#8221;3426&#8243; parallax_speed_bg=&#8221;5&#8243; row_box_shadow=&#8221;&#8221; css=&#8221;.vc_custom_1762850642304{padding-top: 100px !important;padding-bottom: 70px !important;background-image: url(http:\/\/demo.cmssuperheroes.com\/themeforest\/wp-sigma-logistics\/wp-content\/uploads\/2016\/03\/ParallaxBG.jpg?id=3456) !important;}&#8221;][vc_column width=&#8221;1\/4&#8243; animation=&#8221;rda_fadeIn&#8221; css=&#8221;.vc_custom_1460025565055{margin-bottom: 30px !important;}&#8221;][cms_counter_single icon_fontawesome=&#8221;fas fa-user-clock&#8221; digit=&#8221;8&#8243; class=&#8221;border-radius-5&#8243; digit_color=&#8221;#11303A&#8221; title_color=&#8221;#11303A&#8221; icon_color=&#8221;#FFB900&#8243; cms_template=&#8221;cms_counter_single&#8211;layout3.php&#8221; c_title=&#8221;Ann\u00e9es d&#8217;exp\u00e9riences&#8221;][\/vc_column][vc_column width=&#8221;1\/4&#8243; animation=&#8221;rda_fadeIn&#8221; css=&#8221;.vc_custom_1460025555111{margin-bottom: 30px !important;}&#8221;][cms_counter_single icon_fontawesome=&#8221;fas fa-tasks&#8221; digit=&#8221;5000&#8243; class=&#8221;border-radius-5&#8243; digit_color=&#8221;#11303A&#8221; title_color=&#8221;#11303A&#8221; icon_color=&#8221;#FFB900&#8243; cms_template=&#8221;cms_counter_single&#8211;layout3.php&#8221; c_title=&#8221;Projets r\u00e9alis\u00e9s&#8221;][\/vc_column][vc_column width=&#8221;1\/4&#8243; animation=&#8221;rda_fadeIn&#8221; css=&#8221;.vc_custom_1762849334032{margin-bottom: 30px !important;background-color: #FF77FF00 !important;}&#8221;][cms_counter_single icon_fontawesome=&#8221;fas fa-handshake&#8221; digit=&#8221;200&#8243; class=&#8221;border-radius-5&#8243; digit_color=&#8221;#11303A&#8221; title_color=&#8221;#11303A&#8221; icon_color=&#8221;#FFB900&#8243; cms_template=&#8221;cms_counter_single&#8211;layout3.php&#8221; c_title=&#8221;Clients satisfaits&#8221;][\/vc_column][vc_column width=&#8221;1\/4&#8243; animation=&#8221;rda_fadeIn&#8221; css=&#8221;.vc_custom_1460025573504{margin-bottom: 30px !important;}&#8221;][cms_counter_single icon_fontawesome=&#8221;fas fa-headset&#8221; digit=&#8221;50&#8243; class=&#8221;border-radius-5&#8243; digit_color=&#8221;#11303A&#8221; title_color=&#8221;#11303A&#8221; icon_color=&#8221;#FFB900&#8243; cms_template=&#8221;cms_counter_single&#8211;layout3.php&#8221; c_title=&#8221;M\u00e9dias sociaux &amp; Site-web&#8221;][\/vc_column][\/vc_row]<\/p>\n<\/div>","protected":false},"excerpt":{"rendered":"<p>[vc_row full_width=&#8221;stretch_row_content_no_spaces&#8221;][vc_column][rev_slider_vc alias=&#8221;main-slider-1&#8243;][\/vc_column][\/vc_row][vc_row css=&#8221;.vc_custom_1459305996199{margin-top: -30px !important;background-color: rgba(255,255,255,0.01) !important;*background-color: rgb(255,255,255) !important;}&#8221;][vc_column][vc_row_inner][vc_column_inner width=&#8221;1\/3&#8243; offset=&#8221;vc_hidden-sm&#8221;][vc_empty_space height=&#8221;20px&#8221;][cms_fancybox_single content_align=&#8221;left&#8221; title_item=&#8221;ServiceConfection&#8221; button_text=&#8221;Voir plus&#8221; title_color=&#8221;#ffffff&#8221; content_color=&#8221;#FFFFFF&#8221; box_overlay=&#8221;#11303AB3&#8243; image=&#8221;3404&#8243; description_item=&#8221;Nous fabriquons des kakemonos, des plaques et des enseignes lumineuses personnalis\u00e9es&#8221; cms_template=&#8221;cms_fancybox_single&#8211;layout10.php&#8221; fancybox_title_size=&#8221;30px&#8221; fancybox_title_letter_spacing=&#8221;0.1em&#8221;][vc_empty_space height=&#8221;40px&#8221;][\/vc_column_inner][vc_column_inner width=&#8221;1\/3&#8243; offset=&#8221;vc_hidden-sm&#8221;][vc_empty_space height=&#8221;20px&#8221;][cms_fancybox_single content_align=&#8221;left&#8221; title_item=&#8221;ServiceImpression grand Format&#8221; button_text=&#8221;Voir plus&#8221; title_color=&#8221;#ffffff&#8221; content_color=&#8221;#ffffff&#8221; box_overlay=&#8221;#11303AB3&#8243; image=&#8221;3399&#8243; description_item=&#8221;Nous r\u00e9alisons des impressions de haute [&hellip;]<\/p>\n","protected":false},"author":1,"featured_media":0,"parent":0,"menu_order":0,"comment_status":"closed","ping_status":"closed","template":"","meta":{"footnotes":""},"_links":{"self":[{"href":"https:\/\/futurvision223.com\/index.php\/wp-json\/wp\/v2\/pages\/10"}],"collection":[{"href":"https:\/\/futurvision223.com\/index.php\/wp-json\/wp\/v2\/pages"}],"about":[{"href":"https:\/\/futurvision223.com\/index.php\/wp-json\/wp\/v2\/types\/page"}],"author":[{"embeddable":true,"href":"https:\/\/futurvision223.com\/index.php\/wp-json\/wp\/v2\/users\/1"}],"replies":[{"embeddable":true,"href":"https:\/\/futurvision223.com\/index.php\/wp-json\/wp\/v2\/comments?post=10"}],"version-history":[{"count":15,"href":"https:\/\/futurvision223.com\/index.php\/wp-json\/wp\/v2\/pages\/10\/revisions"}],"predecessor-version":[{"id":3428,"href":"https:\/\/futurvision223.com\/index.php\/wp-json\/wp\/v2\/pages\/10\/revisions\/3428"}],"wp:attachment":[{"href":"https:\/\/futurvision223.com\/index.php\/wp-json\/wp\/v2\/media?parent=10"}],"curies":[{"name":"wp","href":"https:\/\/api.w.org\/{rel}","templated":true}]}}