{"id":12,"date":"2016-03-24T08:21:38","date_gmt":"2016-03-24T08:21:38","guid":{"rendered":"http:\/\/demo.cmssuperheroes.com\/themeforest\/wp-sigma-logistics\/?page_id=12"},"modified":"2025-11-11T10:25:01","modified_gmt":"2025-11-11T09:25:01","slug":"presentation","status":"publish","type":"page","link":"https:\/\/futurvision223.com\/index.php\/presentation\/","title":{"rendered":"Pr\u00e9sentation"},"content":{"rendered":"<div class=\"wpb-content-wrapper\"><p>[vc_row full_width=&#8221;stretch_row&#8221; equal_height=&#8221;yes&#8221; css=&#8221;.vc_custom_1461251971494{padding-top: 80px !important;padding-bottom: 220px !important;background-color: #eeeeee !important;}&#8221;][vc_column width=&#8221;1\/2&#8243;][vc_single_image image=&#8221;3407&#8243; img_size=&#8221;full&#8221; css_animation=&#8221;left-to-right&#8221; css=&#8221;.vc_custom_1762852192665{margin-bottom: 40px !important;}&#8221;][vc_row_inner][vc_column_inner][\/vc_column_inner][\/vc_row_inner][\/vc_column][vc_column width=&#8221;1\/2&#8243;][vc_column_text css_animation=&#8221;right-to-left&#8221; css=&#8221;.vc_custom_1762852104467{margin-bottom: 35px !important;}&#8221;]<\/p>\n<p data-start=\"287\" data-end=\"537\"><strong data-start=\"287\" data-end=\"307\">Futur Vision 223<\/strong> est une entreprise malienne sp\u00e9cialis\u00e9e dans la communication et la valorisation d\u2019image de marque. Nous accompagnons les entreprises, institutions et particuliers dans la cr\u00e9ation d\u2019une identit\u00e9 forte, coh\u00e9rente et percutante.<\/p>\n<p data-start=\"539\" data-end=\"878\">Notre mission est de donner vie \u00e0 vos id\u00e9es \u00e0 travers des solutions de communication innovantes, cr\u00e9atives et adapt\u00e9es \u00e0 vos objectifs. Gr\u00e2ce \u00e0 une \u00e9quipe passionn\u00e9e et polyvalente, nous mettons \u00e0 votre service notre expertise en <strong data-start=\"769\" data-end=\"875\">design graphique, impression grand format, production audiovisuelle, marketing digital et \u00e9v\u00e9nementiel<\/strong>.<\/p>\n<p>[\/vc_column_text][vc_column_text css_animation=&#8221;right-to-left&#8221; css=&#8221;.vc_custom_1762852154255{margin-bottom: 15px !important;}&#8221;]<\/p>\n<p data-start=\"880\" data-end=\"1154\">Chez <strong data-start=\"885\" data-end=\"905\">Futur Vision 223<\/strong>, nous croyons que chaque marque a une histoire unique \u00e0 raconter. C\u2019est pourquoi nous travaillons main dans la main avec nos clients pour concevoir des strat\u00e9gies sur mesure qui refl\u00e8tent leurs valeurs et renforcent leur visibilit\u00e9 sur le march\u00e9.<\/p>\n<p data-start=\"1156\" data-end=\"1333\">Notre ambition est de devenir un partenaire de r\u00e9f\u00e9rence dans la communication visuelle au Mali et en Afrique de l\u2019Ouest, en alliant <strong data-start=\"1289\" data-end=\"1330\">cr\u00e9ativit\u00e9, technologie et excellence<\/strong>.<\/p>\n<p>[\/vc_column_text][\/vc_column][\/vc_row]<\/p>\n<\/div>","protected":false},"excerpt":{"rendered":"<p>[vc_row full_width=&#8221;stretch_row&#8221; equal_height=&#8221;yes&#8221; css=&#8221;.vc_custom_1461251971494{padding-top: 80px !important;padding-bottom: 220px !important;background-color: #eeeeee !important;}&#8221;][vc_column width=&#8221;1\/2&#8243;][vc_single_image image=&#8221;3407&#8243; img_size=&#8221;full&#8221; css_animation=&#8221;left-to-right&#8221; css=&#8221;.vc_custom_1762852192665{margin-bottom: 40px !important;}&#8221;][vc_row_inner][vc_column_inner][\/vc_column_inner][\/vc_row_inner][\/vc_column][vc_column width=&#8221;1\/2&#8243;][vc_column_text css_animation=&#8221;right-to-left&#8221; css=&#8221;.vc_custom_1762852104467{margin-bottom: 35px !important;}&#8221;] Futur Vision 223 est une entreprise malienne sp\u00e9cialis\u00e9e dans la communication et la valorisation d\u2019image de marque. Nous accompagnons les entreprises, institutions et particuliers dans la cr\u00e9ation d\u2019une identit\u00e9 forte, coh\u00e9rente et percutante. [&hellip;]<\/p>\n","protected":false},"author":1,"featured_media":0,"parent":0,"menu_order":0,"comment_status":"closed","ping_status":"closed","template":"","meta":{"footnotes":""},"_links":{"self":[{"href":"https:\/\/futurvision223.com\/index.php\/wp-json\/wp\/v2\/pages\/12"}],"collection":[{"href":"https:\/\/futurvision223.com\/index.php\/wp-json\/wp\/v2\/pages"}],"about":[{"href":"https:\/\/futurvision223.com\/index.php\/wp-json\/wp\/v2\/types\/page"}],"author":[{"embeddable":true,"href":"https:\/\/futurvision223.com\/index.php\/wp-json\/wp\/v2\/users\/1"}],"replies":[{"embeddable":true,"href":"https:\/\/futurvision223.com\/index.php\/wp-json\/wp\/v2\/comments?post=12"}],"version-history":[{"count":2,"href":"https:\/\/futurvision223.com\/index.php\/wp-json\/wp\/v2\/pages\/12\/revisions"}],"predecessor-version":[{"id":3430,"href":"https:\/\/futurvision223.com\/index.php\/wp-json\/wp\/v2\/pages\/12\/revisions\/3430"}],"wp:attachment":[{"href":"https:\/\/futurvision223.com\/index.php\/wp-json\/wp\/v2\/media?parent=12"}],"curies":[{"name":"wp","href":"https:\/\/api.w.org\/{rel}","templated":true}]}}